{"id":123,"date":"2013-12-13T21:53:35","date_gmt":"2013-12-13T20:53:35","guid":{"rendered":"http:\/\/www.aelbrains.fr\/local\/?page_id=123"},"modified":"2025-06-16T19:11:17","modified_gmt":"2025-06-16T17:11:17","slug":"liens","status":"publish","type":"page","link":"http:\/\/www.aelbrains.fr\/www\/liens\/","title":{"rendered":"Liens utiles"},"content":{"rendered":"<p>F\u00e9d\u00e9ration des Amicales La\u00efques &#8211; Loire Atlantique<\/p>\n<p><a href=\"http:\/\/www.aelbrains.fr\/www\/wp-content\/uploads\/2013\/12\/logo-fal44.png\"><img loading=\"lazy\" decoding=\"async\" class=\"alignleft size-full wp-image-124\" src=\"http:\/\/www.aelbrains.fr\/www\/wp-content\/uploads\/2013\/12\/logo-fal44.png\" alt=\"\" width=\"215\" height=\"96\"><\/a><\/p>\n<p>Ligue de l&rsquo;enseignement<\/p>\n","protected":false},"excerpt":{"rendered":"<p>F\u00e9d\u00e9ration des Amicales La\u00efques &#8211; Loire Atlantique Ligue de l&rsquo;enseignement<\/p>\n","protected":false},"author":1,"featured_media":0,"parent":0,"menu_order":0,"comment_status":"closed","ping_status":"open","template":"","meta":{"ngg_post_thumbnail":0,"footnotes":""},"class_list":["post-123","page","type-page","status-publish","hentry"],"_links":{"self":[{"href":"http:\/\/www.aelbrains.fr\/www\/wp-json\/wp\/v2\/pages\/123","targetHints":{"allow":["GET"]}}],"collection":[{"href":"http:\/\/www.aelbrains.fr\/www\/wp-json\/wp\/v2\/pages"}],"about":[{"href":"http:\/\/www.aelbrains.fr\/www\/wp-json\/wp\/v2\/types\/page"}],"author":[{"embeddable":true,"href":"http:\/\/www.aelbrains.fr\/www\/wp-json\/wp\/v2\/users\/1"}],"replies":[{"embeddable":true,"href":"http:\/\/www.aelbrains.fr\/www\/wp-json\/wp\/v2\/comments?post=123"}],"version-history":[{"count":4,"href":"http:\/\/www.aelbrains.fr\/www\/wp-json\/wp\/v2\/pages\/123\/revisions"}],"predecessor-version":[{"id":697,"href":"http:\/\/www.aelbrains.fr\/www\/wp-json\/wp\/v2\/pages\/123\/revisions\/697"}],"wp:attachment":[{"href":"http:\/\/www.aelbrains.fr\/www\/wp-json\/wp\/v2\/media?parent=123"}],"curies":[{"name":"wp","href":"https:\/\/api.w.org\/{rel}","templated":true}]}}